{"id":4990,"date":"2021-02-16T00:15:27","date_gmt":"2021-02-16T03:15:27","guid":{"rendered":"https:\/\/wip2.marks.art.br\/mariana\/?page_id=4990"},"modified":"2022-06-11T17:03:44","modified_gmt":"2022-06-11T20:03:44","slug":"assine","status":"publish","type":"page","link":"https:\/\/wip2.marks.art.br\/mariana\/assine\/","title":{"rendered":"Assine"},"content":{"rendered":"\t\t<div data-elementor-type=\"wp-page\" data-elementor-id=\"4990\" class=\"elementor elementor-4990\" data-elementor-post-type=\"page\">\n\t\t\t\t\t\t\t\t\t<section class=\"elementor-section elementor-top-section elementor-element elementor-element-7f5d160 elementor-section-full_width elementor-section-height-min-height elementor-section-height-default elementor-section-items-middle\" data-id=\"7f5d160\" data-element_type=\"section\">\n\t\t\t\t\t\t<div class=\"elementor-container elementor-column-gap-default\">\n\t\t\t\t\t<div class=\"elementor-column elementor-col-100 elementor-top-column elementor-element elementor-element-e9a62d6\" data-id=\"e9a62d6\" data-element_type=\"column\">\n\t\t\t<div class=\"elementor-widget-wrap elementor-element-populated\">\n\t\t\t\t\t\t\t\t<div class=\"elementor-element elementor-element-c92407b elementor-widget__width-initial elementor-widget elementor-widget-heading\" data-id=\"c92407b\" data-element_type=\"widget\" data-widget_type=\"heading.default\">\n\t\t\t\t<div class=\"elementor-widget-container\">\n\t\t\t<style>\/*! elementor - v3.15.0 - 31-07-2023 *\/\n.elementor-heading-title{padding:0;margin:0;line-height:1}.elementor-widget-heading .elementor-heading-title[class*=elementor-size-]>a{color:inherit;font-size:inherit;line-height:inherit}.elementor-widget-heading .elementor-heading-title.elementor-size-small{font-size:15px}.elementor-widget-heading .elementor-heading-title.elementor-size-medium{font-size:19px}.elementor-widget-heading .elementor-heading-title.elementor-size-large{font-size:29px}.elementor-widget-heading .elementor-heading-title.elementor-size-xl{font-size:39px}.elementor-widget-heading .elementor-heading-title.elementor-size-xxl{font-size:59px}<\/style><p class=\"elementor-heading-title elementor-size-default\"><b>Ol\u00e1, obrigado pelo seu interesse em assinar<\/b> o grupo secreto do gugacast. As atividades do grupo foram encerradas em maio de 2022, conforme foi explicado nos \u00faltimos posts no pr\u00f3prio grupo.<\/p>\t\t<\/div>\n\t\t\t\t<\/div>\n\t\t\t\t<div class=\"elementor-element elementor-element-d91e204 elementor-widget elementor-widget-spacer\" data-id=\"d91e204\" data-element_type=\"widget\" data-widget_type=\"spacer.default\">\n\t\t\t\t<div class=\"elementor-widget-container\">\n\t\t\t<style>\/*! elementor - v3.15.0 - 31-07-2023 *\/\n.elementor-column .elementor-spacer-inner{height:var(--spacer-size)}.e-con{--container-widget-width:100%}.e-con-inner>.elementor-widget-spacer,.e-con>.elementor-widget-spacer{width:var(--container-widget-width,var(--spacer-size));--align-self:var(--container-widget-align-self,initial);--flex-shrink:0}.e-con-inner>.elementor-widget-spacer>.elementor-widget-container,.e-con-inner>.elementor-widget-spacer>.elementor-widget-container>.elementor-spacer,.e-con>.elementor-widget-spacer>.elementor-widget-container,.e-con>.elementor-widget-spacer>.elementor-widget-container>.elementor-spacer{height:100%}.e-con-inner>.elementor-widget-spacer>.elementor-widget-container>.elementor-spacer>.elementor-spacer-inner,.e-con>.elementor-widget-spacer>.elementor-widget-container>.elementor-spacer>.elementor-spacer-inner{height:var(--container-widget-height,var(--spacer-size))}<\/style>\t\t<div class=\"elementor-spacer\">\n\t\t\t<div class=\"elementor-spacer-inner\"><\/div>\n\t\t<\/div>\n\t\t\t\t<\/div>\n\t\t\t\t<\/div>\n\t\t\t\t<div class=\"elementor-element elementor-element-4baaa86 elementor-widget__width-initial elementor-widget elementor-widget-heading\" data-id=\"4baaa86\" data-element_type=\"widget\" data-widget_type=\"heading.default\">\n\t\t\t\t<div class=\"elementor-widget-container\">\n\t\t\t<p class=\"elementor-heading-title elementor-size-default\"><a href=\"mailto:gruposecreto@wip2.marks.art.br\" target=\"_blank\"><b>D\u00favidas referente a pagamentos:<\/b> gruposecreto@wip2.marks.art.br<\/a><\/p>\t\t<\/div>\n\t\t\t\t<\/div>\n\t\t\t\t<div class=\"elementor-element elementor-element-a75e2d9 elementor-widget elementor-widget-spacer\" data-id=\"a75e2d9\" data-element_type=\"widget\" data-widget_type=\"spacer.default\">\n\t\t\t\t<div class=\"elementor-widget-container\">\n\t\t\t\t\t<div class=\"elementor-spacer\">\n\t\t\t<div class=\"elementor-spacer-inner\"><\/div>\n\t\t<\/div>\n\t\t\t\t<\/div>\n\t\t\t\t<\/div>\n\t\t\t\t<div class=\"elementor-element elementor-element-26a2f5d elementor-widget__width-auto elementor-widget-mobile__width-inherit elementor-widget elementor-widget-heading\" data-id=\"26a2f5d\" data-element_type=\"widget\" data-widget_type=\"heading.default\">\n\t\t\t\t<div class=\"elementor-widget-container\">\n\t\t\t<h2 class=\"elementor-heading-title elementor-size-default\">Voc\u00ea ser\u00e1 redirecionado para a home em:<\/h2>\t\t<\/div>\n\t\t\t\t<\/div>\n\t\t\t\t<div class=\"elementor-element elementor-element-e532571 elementor-widget__width-auto elementor-countdown--label-block elementor-widget elementor-widget-countdown\" data-id=\"e532571\" data-element_type=\"widget\" data-widget_type=\"countdown.default\">\n\t\t\t\t<div class=\"elementor-widget-container\">\n\t\t\t<style>\/*! elementor-pro - v3.15.0 - 31-07-2023 *\/\n.elementor-widget-countdown .elementor-countdown-expire--message{display:none;padding:20px;text-align:center}.elementor-widget-countdown .elementor-countdown-wrapper{flex-direction:row}.elementor-widget-countdown .elementor-countdown-item{padding:20px 0;text-align:center;color:#fff}.elementor-widget-countdown .elementor-countdown-digits,.elementor-widget-countdown .elementor-countdown-label{line-height:1}.elementor-widget-countdown .elementor-countdown-digits{font-size:69px}.elementor-widget-countdown .elementor-countdown-label{font-size:19px}.elementor-widget-countdown.elementor-countdown--label-block .elementor-countdown-wrapper{display:flex;justify-content:center;margin-right:auto;margin-left:auto}.elementor-widget-countdown.elementor-countdown--label-block .elementor-countdown-digits,.elementor-widget-countdown.elementor-countdown--label-block .elementor-countdown-label{display:block}.elementor-widget-countdown.elementor-countdown--label-block .elementor-countdown-item{flex-basis:0;flex-grow:1}.elementor-widget-countdown.elementor-countdown--label-inline{text-align:center}.elementor-widget-countdown.elementor-countdown--label-inline .elementor-countdown-item{display:inline-block;padding-left:5px;padding-right:5px}<\/style>\t\t<div data-evergreen-interval=\"300\" data-expire-actions=\"[{&quot;type&quot;:&quot;redirect&quot;,&quot;redirect_url&quot;:&quot;https:\\\/\\\/wip2.marks.art.br\\\/mariana\\\/&quot;}]\" class=\"elementor-countdown-wrapper\" data-date=\"\">\n\t\t\t<div class=\"elementor-countdown-item\"><span class=\"elementor-countdown-digits elementor-countdown-minutes\"><\/span> <span class=\"elementor-countdown-label\">Minutos<\/span><\/div><div class=\"elementor-countdown-item\"><span class=\"elementor-countdown-digits elementor-countdown-seconds\"><\/span> <span class=\"elementor-countdown-label\">Segundos<\/span><\/div>\t\t<\/div>\n\t\t\t\t<\/div>\n\t\t\t\t<\/div>\n\t\t\t\t\t<\/div>\n\t\t<\/div>\n\t\t\t\t\t\t\t<\/div>\n\t\t<\/section>\n\t\t\t\t<section class=\"elementor-section elementor-top-section elementor-element elementor-element-f80f0b2 elementor-section-height-min-height elementor-hidden-desktop elementor-hidden-tablet elementor-hidden-mobile elementor-section-boxed elementor-section-height-default elementor-section-items-middle\" data-id=\"f80f0b2\" data-element_type=\"section\">\n\t\t\t\t\t\t<div class=\"elementor-container elementor-column-gap-default\">\n\t\t\t\t\t<div class=\"elementor-column elementor-col-100 elementor-top-column elementor-element elementor-element-177a619 animated-fast elementor-invisible\" data-id=\"177a619\" data-element_type=\"column\" data-settings=\"{&quot;animation&quot;:&quot;fadeIn&quot;}\">\n\t\t\t<div class=\"elementor-widget-wrap elementor-element-populated\">\n\t\t\t\t\t\t\t\t<div class=\"elementor-element elementor-element-f689f83 elementor-view-default elementor-position-top elementor-mobile-position-top elementor-widget elementor-widget-icon-box\" data-id=\"f689f83\" data-element_type=\"widget\" data-widget_type=\"icon-box.default\">\n\t\t\t\t<div class=\"elementor-widget-container\">\n\t\t\t<link rel=\"stylesheet\" href=\"https:\/\/wip2.marks.art.br\/mariana\/wp-content\/plugins\/elementor\/assets\/css\/widget-icon-box.min.css\">\t\t<div class=\"elementor-icon-box-wrapper\">\n\t\t\t\t\t\t<div class=\"elementor-icon-box-icon\">\n\t\t\t\t<span class=\"elementor-icon elementor-animation-\" >\n\t\t\t\t<i aria-hidden=\"true\" class=\"far fa-money-bill-alt\"><\/i>\t\t\t\t<\/span>\n\t\t\t<\/div>\n\t\t\t\t\t\t<div class=\"elementor-icon-box-content\">\n\t\t\t\t<h1 class=\"elementor-icon-box-title\">\n\t\t\t\t\t<span  >\n\t\t\t\t\t\tAssine o Gugacast\t\t\t\t\t<\/span>\n\t\t\t\t<\/h1>\n\t\t\t\t\t\t\t<\/div>\n\t\t<\/div>\n\t\t\t\t<\/div>\n\t\t\t\t<\/div>\n\t\t\t\t<div class=\"elementor-element elementor-element-53d3956 elementor-widget elementor-widget-text-editor\" data-id=\"53d3956\" data-element_type=\"widget\" data-widget_type=\"text-editor.default\">\n\t\t\t\t<div class=\"elementor-widget-container\">\n\t\t\t<style>\/*! elementor - v3.15.0 - 31-07-2023 *\/\n.elementor-widget-text-editor.elementor-drop-cap-view-stacked .elementor-drop-cap{background-color:#69727d;color:#fff}.elementor-widget-text-editor.elementor-drop-cap-view-framed .elementor-drop-cap{color:#69727d;border:3px solid;background-color:transparent}.elementor-widget-text-editor:not(.elementor-drop-cap-view-default) .elementor-drop-cap{margin-top:8px}.elementor-widget-text-editor:not(.elementor-drop-cap-view-default) .elementor-drop-cap-letter{width:1em;height:1em}.elementor-widget-text-editor .elementor-drop-cap{float:left;text-align:center;line-height:1;font-size:50px}.elementor-widget-text-editor .elementor-drop-cap-letter{display:inline-block}<\/style>\t\t\t\t<div class=\"wpb_text_column wpb_content_element \"><div class=\"wpb_wrapper\"><div class=\"wpb_text_column wpb_content_element vc_custom_1593469576883\"><div class=\"wpb_wrapper\"><p>Quer ter Minigugacasts <strong>todos os dias?<\/strong><br \/><strong>\u00c9 s\u00f3 assinar!<\/strong><\/p><\/div><\/div><\/div><\/div>\t\t\t\t\t\t<\/div>\n\t\t\t\t<\/div>\n\t\t\t\t<section class=\"elementor-section elementor-inner-section elementor-element elementor-element-081b5a6 elementor-section-content-middle foco elementor-section-boxed elementor-section-height-default elementor-section-height-default\" data-id=\"081b5a6\" data-element_type=\"section\" data-settings=\"{&quot;background_background&quot;:&quot;classic&quot;}\">\n\t\t\t\t\t\t<div class=\"elementor-container elementor-column-gap-default\">\n\t\t\t\t\t<div class=\"elementor-column elementor-col-50 elementor-inner-column elementor-element elementor-element-2b0cfa7\" data-id=\"2b0cfa7\" data-element_type=\"column\">\n\t\t\t<div class=\"elementor-widget-wrap elementor-element-populated\">\n\t\t\t\t\t\t\t\t<div class=\"elementor-element elementor-element-64e04a8 elementor-widget__width-auto elementor-view-default elementor-widget elementor-widget-icon\" data-id=\"64e04a8\" data-element_type=\"widget\" data-widget_type=\"icon.default\">\n\t\t\t\t<div class=\"elementor-widget-container\">\n\t\t\t\t\t<div class=\"elementor-icon-wrapper\">\n\t\t\t<a class=\"elementor-icon elementor-animation-grow\" href=\"https:\/\/sparkle.hotmart.com\/u\/gugacast\/subscriptions\/2864\" target=\"_blank\" rel=\"noopener\">\n\t\t\t<svg xmlns=\"http:\/\/www.w3.org\/2000\/svg\" xmlns:xlink=\"http:\/\/www.w3.org\/1999\/xlink\" id=\"Layer_1\" x=\"0px\" y=\"0px\" viewBox=\"0 0 1420.8 1690.2\" style=\"enable-background:new 0 0 1420.8 1690.2;\" xml:space=\"preserve\">\n<style type=\"text\/css\">\n\t.st0{fill:#FFFFFF;}\n\t.st1{fill:#FF8214;}\n<\/style>\n<g id=\"Layer_2_1_\">\n\t<g id=\"Layer_1-2\">\n\t\t<path class=\"st0\" d=\"M397.9,1399.6L397.9,1399.6c-14.8-9.5-31.6-14.3-50.5-14.3c-16.4,0-30.9,3.6-43.5,10.8    c-12.4,7-22.4,17.7-28.7,30.5v-35.9H230v299.5h45.3v-118.4c6.2,12.8,16.2,23.4,28.7,30.3c12.6,7,27,10.5,43.5,10.5    c19.1,0,36.1-4.6,50.9-13.9c14.8-9.3,26.2-22.4,34.3-39.5c8.1-17,12.1-36.8,12.1-59.2c0-22.7-4.1-42.7-12.3-60.1    S412.7,1409.2,397.9,1399.6z M382.5,1556.7L382.5,1556.7c-10.8,13.3-26,20-45.7,20c-19.7,0-34.9-6.7-45.5-20.2    c-10.6-13.5-15.9-32.6-15.9-57.4s5.3-43.9,15.9-57.4c10.6-13.5,25.8-20.2,45.5-20.2c19.4,0,34.6,6.9,45.5,20.6    c10.9,13.8,16.4,33,16.4,57.8C398.6,1524.5,393.2,1543.4,382.5,1556.7z\"><\/path>\n\t\t<polygon class=\"st0\" points=\"1124.9,1609.4 1124.9,1609.4 1170.2,1609.4 1170.2,1293.3 1124.9,1293.3   \"><\/polygon>\n\t\t<polygon class=\"st0\" points=\"1090.4,1391.1 1034.3,1391.1 938.3,1489.3 938.3,1293.3 893.1,1293.3 893.1,1609.4 938.3,1609.4     938.3,1506.3 1041.9,1609.4 1099.3,1609.4 986.8,1496   \"><\/polygon>\n\t\t<path class=\"st0\" d=\"M1395.5,1413.9c-16.9-19.1-40.1-28.7-69.7-28.7c-20.3,0-38.5,4.8-54.5,14.3s-28.4,23-37.2,40.4    c-8.8,17.3-13.2,37.2-13.2,59.6c0,35.3,10.1,62.9,30.3,82.9c20.2,20,47.8,30,82.7,30c15.6,0,31-2.6,45.7-7.6    c14.9-5.1,27.5-12,37.7-20.6l-13.9-31.8c-20.3,16.4-43,24.7-68.2,24.7c-42.7,0-65.7-23.2-69-69.5h154.7v-14.3    C1420.8,1459.5,1412.3,1433.1,1395.5,1413.9z M1266.5,1481.6c2.1-20.3,8.3-35.9,18.6-46.8s24.1-16.4,41.5-16.4    c17.1,0,30.3,5.5,39.7,16.4s14.6,26.5,15.5,46.8H1266.5z\"><\/path>\n\t\t<path class=\"st0\" d=\"M118.4,1487l-37.2-8.5c-10.8-2.4-18.6-5.9-23.5-10.5c-4.9-4.6-7.4-10.7-7.4-18.2c0-9.2,4-16.6,11.9-22    c7.9-5.4,18.7-8.1,32.5-8.1c23,0,45.3,8.5,66.8,25.6l13.9-31.8c-10.6-9.2-23-16.3-36.3-20.8c-14.3-5-29.3-7.5-44.4-7.4    c-26,0-47,6.1-63,18.4c-16,12.3-24,28.3-24,48c0,15.6,4.9,28.4,14.8,38.6c9.9,10.2,24.5,17.5,43.9,22l36.3,8.1    c12.9,3,21.9,6.7,27.1,11.2c5.2,4.5,7.8,10.6,7.8,18.4c0,9-3.9,15.9-11.7,20.9c-7.8,4.9-19,7.4-33.6,7.3c-29.9,0-56.1-8.7-78.5-26    L0,1584.8l0,0c22.7,18.5,53,27.8,91,27.8c27.2,0,48.8-5.8,64.8-17.3c16-11.5,24-27.1,24-46.8c0-16.1-4.9-29.2-14.8-39.2    C155.1,1499.2,139.6,1491.8,118.4,1487z\"><\/path>\n\t\t<path class=\"st0\" d=\"M651.7,1407.2c-14.2-14.6-35.9-22-65.2-22c-16.2,0.1-32.3,2.6-47.8,7.4c-16.6,4.9-30.7,11.4-42.4,19.5    l13.4,31.9c24.8-15.2,49.6-22.9,74.4-22.9c15.8,0,27.3,3.7,34.3,11.2c7,7.5,10.5,19.6,10.5,36.3v13h-10.3    c-33.2,0-59.3,1.9-78.2,5.8s-32.6,10.4-40.8,19.5c-8.2,9.1-12.3,21.6-12.3,37.4c-0.1,12.4,3.4,24.6,10.1,35    c6.9,10.6,16.6,19.1,28,24.4c12.3,5.9,25.8,8.9,39.5,8.7c14.9,0,28-3.4,39.2-10.1c11.2-6.7,19.7-16.5,25.3-29.4v36.3H673V1474    C673,1444.1,665.9,1421.8,651.7,1407.2L651.7,1407.2z M629.1,1518.8c0,17.6-5.2,32.1-15.7,43.3l0,0    c-10.5,11.2-23.9,16.8-40.4,16.8c-12,0-21.7-3.5-29.4-10.5c-7.5-6.7-11.6-16.2-11.4-26.2c0-9.2,2.7-16.3,8.1-21.3    c5.4-4.9,14.4-8.5,26.9-10.5c12.6-2.1,30.5-3.1,53.8-3.1h8.1L629.1,1518.8z\"><\/path>\n\t\t<path class=\"st0\" d=\"M850.1,1386.1c-35.9,2.7-59.6,16.9-71.3,42.6v-38.1h-43.9v218.8h45.3v-121.5c0-17,4.7-31.1,14.1-42.1    s24.9-17.6,46.4-19.8l27.3-2.7l0,0l-3.1-38.1L850.1,1386.1z\"><\/path>\n\t\t<path class=\"st1\" d=\"M1307.3,701c-277.3,119.1-414.8,256.7-534,534c-23.6,55-102.3,55-125.8,0c-119.1-277.3-256.7-414.9-534-534    c-55-23.6-55-102.2,0-125.8C390.7,456,528.4,318.5,647.5,41.2c23.6-55,102.3-55,125.8,0c119.1,277.3,256.7,414.8,534,533.9    C1362.3,598.8,1362.3,677.4,1307.3,701L1307.3,701z\"><\/path>\n\t<\/g>\n<\/g>\n<\/svg>\t\t\t<\/a>\n\t\t<\/div>\n\t\t\t\t<\/div>\n\t\t\t\t<\/div>\n\t\t\t\t\t<\/div>\n\t\t<\/div>\n\t\t\t\t<div class=\"elementor-column elementor-col-50 elementor-inner-column elementor-element elementor-element-c07f371\" data-id=\"c07f371\" data-element_type=\"column\">\n\t\t\t<div class=\"elementor-widget-wrap elementor-element-populated\">\n\t\t\t\t\t\t\t\t<div class=\"elementor-element elementor-element-430ea9c elementor-widget elementor-widget-heading\" data-id=\"430ea9c\" data-element_type=\"widget\" data-widget_type=\"heading.default\">\n\t\t\t\t<div class=\"elementor-widget-container\">\n\t\t\t<h4 class=\"elementor-heading-title elementor-size-default\"><a href=\"https:\/\/sparkle.hotmart.com\/u\/gugacast\/subscriptions\/2864\" target=\"_blank\" rel=\"noopener\">ESTAMOS NO SPARKLE!<\/a><\/h4>\t\t<\/div>\n\t\t\t\t<\/div>\n\t\t\t\t<div class=\"elementor-element elementor-element-c780729 elementor-widget elementor-widget-text-editor\" data-id=\"c780729\" data-element_type=\"widget\" data-widget_type=\"text-editor.default\">\n\t\t\t\t<div class=\"elementor-widget-container\">\n\t\t\t\t\t\t\t<p>O Grupo Secreto est\u00e1 oficialmente no <b>Sparkle<\/b>!<br><i>Tem 30 dias GR\u00c1TIS para voc\u00ea experimentar e ouvir tudo que voc\u00ea puder!<\/i><\/p>\t\t\t\t\t\t<\/div>\n\t\t\t\t<\/div>\n\t\t\t\t<div data-dce-background-color=\"#FF8F1F00\" class=\"elementor-element elementor-element-af688ea elementor-align-left elementor-mobile-align-center elementor-widget elementor-widget-button\" data-id=\"af688ea\" data-element_type=\"widget\" data-widget_type=\"button.default\">\n\t\t\t\t<div class=\"elementor-widget-container\">\n\t\t\t\t\t<div class=\"elementor-button-wrapper\">\n\t\t\t<a class=\"elementor-button elementor-button-link elementor-size-xs elementor-animation-grow\" href=\"https:\/\/wip2.marks.art.br\/mariana\/assine-agora\" target=\"_blank\">\n\t\t\t\t\t\t<span class=\"elementor-button-content-wrapper\">\n\t\t\t\t\t\t<span class=\"elementor-button-icon elementor-align-icon-right\">\n\t\t\t\t<i aria-hidden=\"true\" class=\"fas fa-check\"><\/i>\t\t\t<\/span>\n\t\t\t\t\t\t<span class=\"elementor-button-text\">Clique aqui para Assinar<\/span>\n\t\t<\/span>\n\t\t\t\t\t<\/a>\n\t\t<\/div>\n\t\t\t\t<\/div>\n\t\t\t\t<\/div>\n\t\t\t\t\t<\/div>\n\t\t<\/div>\n\t\t\t\t\t\t\t<\/div>\n\t\t<\/section>\n\t\t\t\t<section class=\"elementor-section elementor-inner-section elementor-element elementor-element-4cd5028 elementor-section-boxed elementor-section-height-default elementor-section-height-default elementor-invisible\" data-id=\"4cd5028\" data-element_type=\"section\" data-settings=\"{&quot;animation&quot;:&quot;zoomIn&quot;,&quot;animation_delay&quot;:900}\">\n\t\t\t\t\t\t<div class=\"elementor-container elementor-column-gap-extended\">\n\t\t\t\t\t<div class=\"elementor-column elementor-col-50 elementor-inner-column elementor-element elementor-element-cb889d0\" data-id=\"cb889d0\" data-element_type=\"column\" data-settings=\"{&quot;background_background&quot;:&quot;classic&quot;}\">\n\t\t\t<div class=\"elementor-widget-wrap elementor-element-populated\">\n\t\t\t\t\t\t\t\t<div class=\"elementor-element elementor-element-d547cbb elementor-widget elementor-widget-heading\" data-id=\"d547cbb\" data-element_type=\"widget\" data-widget_type=\"heading.default\">\n\t\t\t\t<div class=\"elementor-widget-container\">\n\t\t\t<h4 class=\"elementor-heading-title elementor-size-default\"><a href=\"https:\/\/wiki.gugacast.com\/\" target=\"_blank\" rel=\"noopener\">Usu\u00e1rio de iPhone ou Android?<\/a><\/h4>\t\t<\/div>\n\t\t\t\t<\/div>\n\t\t\t\t<div class=\"elementor-element elementor-element-b12c644 elementor-widget elementor-widget-text-editor\" data-id=\"b12c644\" data-element_type=\"widget\" data-widget_type=\"text-editor.default\">\n\t\t\t\t<div class=\"elementor-widget-container\">\n\t\t\t\t\t\t\t<p>Se voc\u00ea ainda n\u00e3o tem o app, <a href=\"https:\/\/sparkle.hotmart.com\/u\/gugacast\/subscriptions\/2864\" target=\"_blank\" rel=\"noopener\"><strong>baixe aqui<\/strong><\/a> (tanto App Store, quanto Google Play).<\/p>\t\t\t\t\t\t<\/div>\n\t\t\t\t<\/div>\n\t\t\t\t\t<\/div>\n\t\t<\/div>\n\t\t\t\t<div class=\"elementor-column elementor-col-50 elementor-inner-column elementor-element elementor-element-3204d21\" data-id=\"3204d21\" data-element_type=\"column\" data-settings=\"{&quot;background_background&quot;:&quot;classic&quot;}\">\n\t\t\t<div class=\"elementor-widget-wrap elementor-element-populated\">\n\t\t\t\t\t\t\t\t<div class=\"elementor-element elementor-element-406f8ba elementor-widget elementor-widget-heading\" data-id=\"406f8ba\" data-element_type=\"widget\" data-widget_type=\"heading.default\">\n\t\t\t\t<div class=\"elementor-widget-container\">\n\t\t\t<h4 class=\"elementor-heading-title elementor-size-default\"><a href=\"https:\/\/wiki.gugacast.com\/\" target=\"_blank\" rel=\"noopener\">MORO FORA DO PA\u00cdS, CONSIGO ASSINAR?\n<\/a><\/h4>\t\t<\/div>\n\t\t\t\t<\/div>\n\t\t\t\t<div class=\"elementor-element elementor-element-b1c2f26 elementor-widget elementor-widget-text-editor\" data-id=\"b1c2f26\" data-element_type=\"widget\" data-widget_type=\"text-editor.default\">\n\t\t\t\t<div class=\"elementor-widget-container\">\n\t\t\t\t\t\t\t<p>Sim, n\u00e3o importa onde voc\u00ea est\u00e1!<br \/>\u00e9 s\u00f3 voc\u00ea <a href=\"https:\/\/sparkle.hotmart.com\/u\/gugacast\/subscriptions\/2864\" target=\"_blank\" rel=\"noopener\"><strong>clicar aqui<\/strong><\/a>.<\/p>\t\t\t\t\t\t<\/div>\n\t\t\t\t<\/div>\n\t\t\t\t\t<\/div>\n\t\t<\/div>\n\t\t\t\t\t\t\t<\/div>\n\t\t<\/section>\n\t\t\t\t<section class=\"elementor-section elementor-inner-section elementor-element elementor-element-f13eaeb elementor-section-boxed elementor-section-height-default elementor-section-height-default elementor-invisible\" data-id=\"f13eaeb\" data-element_type=\"section\" data-settings=\"{&quot;animation&quot;:&quot;zoomIn&quot;,&quot;animation_delay&quot;:1300}\">\n\t\t\t\t\t\t<div class=\"elementor-container elementor-column-gap-default\">\n\t\t\t\t\t<div class=\"elementor-column elementor-col-50 elementor-inner-column elementor-element elementor-element-7293b4c\" data-id=\"7293b4c\" data-element_type=\"column\" data-settings=\"{&quot;background_background&quot;:&quot;classic&quot;}\">\n\t\t\t<div class=\"elementor-widget-wrap elementor-element-populated\">\n\t\t\t\t\t\t\t\t<div class=\"elementor-element elementor-element-b7586b1 elementor-widget elementor-widget-heading\" data-id=\"b7586b1\" data-element_type=\"widget\" data-widget_type=\"heading.default\">\n\t\t\t\t<div class=\"elementor-widget-container\">\n\t\t\t<h4 class=\"elementor-heading-title elementor-size-default\"><a href=\"https:\/\/wiki.gugacast.com\/\" target=\"_blank\" rel=\"noopener\">VOU TER ACESSO AO GRUPO <br> Do\nFACEBOOK TAMB\u00c9M?<\/a><\/h4>\t\t<\/div>\n\t\t\t\t<\/div>\n\t\t\t\t<div class=\"elementor-element elementor-element-3a7f811 elementor-widget elementor-widget-text-editor\" data-id=\"3a7f811\" data-element_type=\"widget\" data-widget_type=\"text-editor.default\">\n\t\t\t\t<div class=\"elementor-widget-container\">\n\t\t\t\t\t\t\t<p>N\u00e3o! O conte\u00fado n\u00e3o \u00e9 mais postado no Facebook. E o Grupo por l\u00e1 vai ser descontinuado.<\/p>\t\t\t\t\t\t<\/div>\n\t\t\t\t<\/div>\n\t\t\t\t\t<\/div>\n\t\t<\/div>\n\t\t\t\t<div class=\"elementor-column elementor-col-50 elementor-inner-column elementor-element elementor-element-60ff7e4\" data-id=\"60ff7e4\" data-element_type=\"column\" data-settings=\"{&quot;background_background&quot;:&quot;classic&quot;}\">\n\t\t\t<div class=\"elementor-widget-wrap elementor-element-populated\">\n\t\t\t\t\t\t\t\t<div class=\"elementor-element elementor-element-1501c99 elementor-widget elementor-widget-heading\" data-id=\"1501c99\" data-element_type=\"widget\" data-widget_type=\"heading.default\">\n\t\t\t\t<div class=\"elementor-widget-container\">\n\t\t\t<h4 class=\"elementor-heading-title elementor-size-default\"><a href=\"https:\/\/wiki.gugacast.com\/\" target=\"_blank\" rel=\"noopener\">J\u00e1 \u00e9 Assinante?<\/a><\/h4>\t\t<\/div>\n\t\t\t\t<\/div>\n\t\t\t\t<div class=\"elementor-element elementor-element-13db916 elementor-widget elementor-widget-text-editor\" data-id=\"13db916\" data-element_type=\"widget\" data-widget_type=\"text-editor.default\">\n\t\t\t\t<div class=\"elementor-widget-container\">\n\t\t\t\t\t\t\t<p>Pode acessar tamb\u00e9m com o Hotmart Sparkle,<br \/><a href=\"https:\/\/wip2.marks.art.br\/mariana\/sparkle\/\"><strong>clique aqui<\/strong><\/a> e veja como fazer.<\/p>\t\t\t\t\t\t<\/div>\n\t\t\t\t<\/div>\n\t\t\t\t\t<\/div>\n\t\t<\/div>\n\t\t\t\t\t\t\t<\/div>\n\t\t<\/section>\n\t\t\t\t<section class=\"elementor-section elementor-inner-section elementor-element elementor-element-f3284fb elementor-section-boxed elementor-section-height-default elementor-section-height-default\" data-id=\"f3284fb\" data-element_type=\"section\">\n\t\t\t\t\t\t<div class=\"elementor-container elementor-column-gap-default\">\n\t\t\t\t\t<div class=\"elementor-column elementor-col-50 elementor-inner-column elementor-element elementor-element-c545c0b\" data-id=\"c545c0b\" data-element_type=\"column\">\n\t\t\t<div class=\"elementor-widget-wrap\">\n\t\t\t\t\t\t\t\t\t<\/div>\n\t\t<\/div>\n\t\t\t\t<div class=\"elementor-column elementor-col-50 elementor-inner-column elementor-element elementor-element-10359fb\" data-id=\"10359fb\" data-element_type=\"column\">\n\t\t\t<div class=\"elementor-widget-wrap\">\n\t\t\t\t\t\t\t\t\t<\/div>\n\t\t<\/div>\n\t\t\t\t\t\t\t<\/div>\n\t\t<\/section>\n\t\t\t\t\t<\/div>\n\t\t<\/div>\n\t\t\t\t\t\t\t<\/div>\n\t\t<\/section>\n\t\t\t\t\t\t\t<\/div>\n\t\t","protected":false},"excerpt":{"rendered":"<p>Ol\u00e1, obrigado pelo seu interesse em assinar o grupo secreto do gugacast. As atividades do grupo foram encerradas em maio de 2022, conforme foi explicado nos \u00faltimos posts no pr\u00f3prio grupo. D\u00favidas referente a pagamentos: gruposecreto@wip2.marks.art.br Voc\u00ea ser\u00e1 redirecionado para a home em: Minutos Segundos Assine o Gugacast Quer ter Minigugacasts todos os dias?\u00c9 s\u00f3 [&hellip;]<\/p>\n","protected":false},"author":10,"featured_media":0,"parent":0,"menu_order":0,"comment_status":"closed","ping_status":"closed","template":"elementor_canvas","meta":{"footnotes":""},"class_list":["post-4990","page","type-page","status-publish","hentry"],"_links":{"self":[{"href":"https:\/\/wip2.marks.art.br\/mariana\/wp-json\/wp\/v2\/pages\/4990","targetHints":{"allow":["GET"]}}],"collection":[{"href":"https:\/\/wip2.marks.art.br\/mariana\/wp-json\/wp\/v2\/pages"}],"about":[{"href":"https:\/\/wip2.marks.art.br\/mariana\/wp-json\/wp\/v2\/types\/page"}],"author":[{"embeddable":true,"href":"https:\/\/wip2.marks.art.br\/mariana\/wp-json\/wp\/v2\/users\/10"}],"replies":[{"embeddable":true,"href":"https:\/\/wip2.marks.art.br\/mariana\/wp-json\/wp\/v2\/comments?post=4990"}],"version-history":[{"count":34,"href":"https:\/\/wip2.marks.art.br\/mariana\/wp-json\/wp\/v2\/pages\/4990\/revisions"}],"predecessor-version":[{"id":9768,"href":"https:\/\/wip2.marks.art.br\/mariana\/wp-json\/wp\/v2\/pages\/4990\/revisions\/9768"}],"wp:attachment":[{"href":"https:\/\/wip2.marks.art.br\/mariana\/wp-json\/wp\/v2\/media?parent=4990"}],"curies":[{"name":"wp","href":"https:\/\/api.w.org\/{rel}","templated":true}]}}