{"id":7972,"date":"2021-02-16T00:15:27","date_gmt":"2021-02-16T03:15:27","guid":{"rendered":"https:\/\/wip2.marks.art.br\/mariana\/assine-2\/"},"modified":"2022-06-27T18:06:32","modified_gmt":"2022-06-27T21:06:32","slug":"fale-conosco","status":"publish","type":"page","link":"https:\/\/wip2.marks.art.br\/mariana\/fale-conosco\/","title":{"rendered":"Fale Conosco"},"content":{"rendered":"\t\t<div data-elementor-type=\"wp-page\" data-elementor-id=\"7972\" class=\"elementor elementor-7972\" data-elementor-post-type=\"page\">\n\t\t\t\t\t\t\t\t\t<section class=\"elementor-section elementor-top-section elementor-element elementor-element-f80f0b2 elementor-section-height-min-height elementor-section-boxed elementor-section-height-default elementor-section-items-middle\" data-id=\"f80f0b2\" data-element_type=\"section\">\n\t\t\t\t\t\t<div class=\"elementor-container elementor-column-gap-default\">\n\t\t\t\t\t<div class=\"elementor-column elementor-col-100 elementor-top-column elementor-element elementor-element-177a619 animated-fast elementor-invisible\" data-id=\"177a619\" data-element_type=\"column\" data-settings=\"{&quot;animation&quot;:&quot;fadeIn&quot;}\">\n\t\t\t<div class=\"elementor-widget-wrap elementor-element-populated\">\n\t\t\t\t\t\t\t\t<div class=\"elementor-element elementor-element-f689f83 elementor-view-default elementor-position-top elementor-mobile-position-top elementor-widget elementor-widget-icon-box\" data-id=\"f689f83\" data-element_type=\"widget\" data-widget_type=\"icon-box.default\">\n\t\t\t\t<div class=\"elementor-widget-container\">\n\t\t\t<link rel=\"stylesheet\" href=\"https:\/\/wip2.marks.art.br\/mariana\/wp-content\/plugins\/elementor\/assets\/css\/widget-icon-box.min.css\">\t\t<div class=\"elementor-icon-box-wrapper\">\n\t\t\t\t\t\t<div class=\"elementor-icon-box-icon\">\n\t\t\t\t<span class=\"elementor-icon elementor-animation-\" >\n\t\t\t\t<i aria-hidden=\"true\" class=\"far fa-envelope\"><\/i>\t\t\t\t<\/span>\n\t\t\t<\/div>\n\t\t\t\t\t\t<div class=\"elementor-icon-box-content\">\n\t\t\t\t<h1 class=\"elementor-icon-box-title\">\n\t\t\t\t\t<span  >\n\t\t\t\t\t\tFale Conosco\t\t\t\t\t<\/span>\n\t\t\t\t<\/h1>\n\t\t\t\t\t\t\t<\/div>\n\t\t<\/div>\n\t\t\t\t<\/div>\n\t\t\t\t<\/div>\n\t\t\t\t<div class=\"elementor-element elementor-element-53d3956 elementor-widget elementor-widget-text-editor\" data-id=\"53d3956\" data-element_type=\"widget\" data-widget_type=\"text-editor.default\">\n\t\t\t\t<div class=\"elementor-widget-container\">\n\t\t\t<style>\/*! elementor - v3.15.0 - 31-07-2023 *\/\n.elementor-widget-text-editor.elementor-drop-cap-view-stacked .elementor-drop-cap{background-color:#69727d;color:#fff}.elementor-widget-text-editor.elementor-drop-cap-view-framed .elementor-drop-cap{color:#69727d;border:3px solid;background-color:transparent}.elementor-widget-text-editor:not(.elementor-drop-cap-view-default) .elementor-drop-cap{margin-top:8px}.elementor-widget-text-editor:not(.elementor-drop-cap-view-default) .elementor-drop-cap-letter{width:1em;height:1em}.elementor-widget-text-editor .elementor-drop-cap{float:left;text-align:center;line-height:1;font-size:50px}.elementor-widget-text-editor .elementor-drop-cap-letter{display:inline-block}<\/style>\t\t\t\t<div class=\"wpb_text_column wpb_content_element \"><div class=\"wpb_wrapper\"><div class=\"wpb_text_column wpb_content_element vc_custom_1593469576883\"><div class=\"wpb_wrapper\"><p>Se voc\u00ea est\u00e1 querendo enviar uma <strong>HIST\u00d3RIA<\/strong>, <a href=\"https:\/\/wip2.marks.art.br\/mariana\/mande-sua-historia\/\"><strong>Clique Aqui<\/strong><\/a>.<\/p><\/div><\/div><\/div><\/div>\t\t\t\t\t\t<\/div>\n\t\t\t\t<\/div>\n\t\t\t\t<div class=\"elementor-element elementor-element-71480ea elementor-button-align-stretch elementor-widget elementor-widget-form\" data-id=\"71480ea\" data-element_type=\"widget\" data-settings=\"{&quot;step_next_label&quot;:&quot;Pr\\u00f3ximo&quot;,&quot;step_previous_label&quot;:&quot;Anterior&quot;,&quot;button_width&quot;:&quot;100&quot;,&quot;dce_confirm_dialog_enabled&quot;:&quot;no&quot;,&quot;step_type&quot;:&quot;number_text&quot;,&quot;step_icon_shape&quot;:&quot;circle&quot;,&quot;label_icon_size&quot;:{&quot;unit&quot;:&quot;px&quot;,&quot;size&quot;:&quot;&quot;,&quot;sizes&quot;:[]},&quot;field_icon_size&quot;:{&quot;unit&quot;:&quot;px&quot;,&quot;size&quot;:&quot;&quot;,&quot;sizes&quot;:[]}}\" data-widget_type=\"form.default\">\n\t\t\t\t<div class=\"elementor-widget-container\">\n\t\t\t<style>\/*! elementor-pro - v3.15.0 - 31-07-2023 *\/\n.elementor-button.elementor-hidden,.elementor-hidden{display:none}.e-form__step{width:100%}.e-form__step:not(.elementor-hidden){display:flex;flex-wrap:wrap}.e-form__buttons{flex-wrap:wrap}.e-form__buttons,.e-form__buttons__wrapper{display:flex}.e-form__indicators{display:flex;justify-content:space-between;align-items:center;flex-wrap:nowrap;font-size:13px;margin-bottom:var(--e-form-steps-indicators-spacing)}.e-form__indicators__indicator{display:flex;flex-direction:column;align-items:center;justify-content:center;flex-basis:0;padding:0 var(--e-form-steps-divider-gap)}.e-form__indicators__indicator__progress{width:100%;position:relative;background-color:var(--e-form-steps-indicator-progress-background-color);border-radius:var(--e-form-steps-indicator-progress-border-radius);overflow:hidden}.e-form__indicators__indicator__progress__meter{width:var(--e-form-steps-indicator-progress-meter-width,0);height:var(--e-form-steps-indicator-progress-height);line-height:var(--e-form-steps-indicator-progress-height);padding-right:15px;border-radius:var(--e-form-steps-indicator-progress-border-radius);background-color:var(--e-form-steps-indicator-progress-color);color:var(--e-form-steps-indicator-progress-meter-color);text-align:right;transition:width .1s linear}.e-form__indicators__indicator:first-child{padding-left:0}.e-form__indicators__indicator:last-child{padding-right:0}.e-form__indicators__indicator--state-inactive{color:var(--e-form-steps-indicator-inactive-primary-color,#c2cbd2)}.e-form__indicators__indicator--state-inactive [class*=indicator--shape-]:not(.e-form__indicators__indicator--shape-none){background-color:var(--e-form-steps-indicator-inactive-secondary-color,#fff)}.e-form__indicators__indicator--state-inactive object,.e-form__indicators__indicator--state-inactive svg{fill:var(--e-form-steps-indicator-inactive-primary-color,#c2cbd2)}.e-form__indicators__indicator--state-active{color:var(--e-form-steps-indicator-active-primary-color,#39b54a);border-color:var(--e-form-steps-indicator-active-secondary-color,#fff)}.e-form__indicators__indicator--state-active [class*=indicator--shape-]:not(.e-form__indicators__indicator--shape-none){background-color:var(--e-form-steps-indicator-active-secondary-color,#fff)}.e-form__indicators__indicator--state-active object,.e-form__indicators__indicator--state-active svg{fill:var(--e-form-steps-indicator-active-primary-color,#39b54a)}.e-form__indicators__indicator--state-completed{color:var(--e-form-steps-indicator-completed-secondary-color,#fff)}.e-form__indicators__indicator--state-completed [class*=indicator--shape-]:not(.e-form__indicators__indicator--shape-none){background-color:var(--e-form-steps-indicator-completed-primary-color,#39b54a)}.e-form__indicators__indicator--state-completed .e-form__indicators__indicator__label{color:var(--e-form-steps-indicator-completed-primary-color,#39b54a)}.e-form__indicators__indicator--state-completed .e-form__indicators__indicator--shape-none{color:var(--e-form-steps-indicator-completed-primary-color,#39b54a);background-color:initial}.e-form__indicators__indicator--state-completed object,.e-form__indicators__indicator--state-completed svg{fill:var(--e-form-steps-indicator-completed-secondary-color,#fff)}.e-form__indicators__indicator__icon{width:var(--e-form-steps-indicator-padding,30px);height:var(--e-form-steps-indicator-padding,30px);font-size:var(--e-form-steps-indicator-icon-size);border-width:1px;border-style:solid;display:flex;justify-content:center;align-items:center;overflow:hidden;margin-bottom:10px}.e-form__indicators__indicator__icon img,.e-form__indicators__indicator__icon object,.e-form__indicators__indicator__icon svg{width:var(--e-form-steps-indicator-icon-size);height:auto}.e-form__indicators__indicator__icon .e-font-icon-svg{height:1em}.e-form__indicators__indicator__number{width:var(--e-form-steps-indicator-padding,30px);height:var(--e-form-steps-indicator-padding,30px);border-width:1px;border-style:solid;display:flex;justify-content:center;align-items:center;margin-bottom:10px}.e-form__indicators__indicator--shape-circle{border-radius:50%}.e-form__indicators__indicator--shape-square{border-radius:0}.e-form__indicators__indicator--shape-rounded{border-radius:5px}.e-form__indicators__indicator--shape-none{border:0}.e-form__indicators__indicator__label{text-align:center}.e-form__indicators__indicator__separator{width:100%;height:var(--e-form-steps-divider-width);background-color:#babfc5}.e-form__indicators--type-icon,.e-form__indicators--type-icon_text,.e-form__indicators--type-number,.e-form__indicators--type-number_text{align-items:flex-start}.e-form__indicators--type-icon .e-form__indicators__indicator__separator,.e-form__indicators--type-icon_text .e-form__indicators__indicator__separator,.e-form__indicators--type-number .e-form__indicators__indicator__separator,.e-form__indicators--type-number_text .e-form__indicators__indicator__separator{margin-top:calc(var(--e-form-steps-indicator-padding, 30px) \/ 2 - var(--e-form-steps-divider-width, 1px) \/ 2)}.elementor-field-type-hidden{display:none}.elementor-field-type-html{display:inline-block}.elementor-login .elementor-lost-password,.elementor-login .elementor-remember-me{font-size:.85em}.elementor-field-type-recaptcha_v3 .elementor-field-label{display:none}.elementor-field-type-recaptcha_v3 .grecaptcha-badge{z-index:1}.elementor-button .elementor-form-spinner{order:3}.elementor-form .elementor-button>span{display:flex;justify-content:center;align-items:center}.elementor-form .elementor-button .elementor-button-text{white-space:normal;flex-grow:0}.elementor-form .elementor-button svg{height:auto}.elementor-form .elementor-button .e-font-icon-svg{height:1em}.elementor-select-wrapper .select-caret-down-wrapper{position:absolute;top:50%;transform:translateY(-50%);inset-inline-end:10px;pointer-events:none;font-size:11px}.elementor-select-wrapper .select-caret-down-wrapper svg{display:unset;width:1em;aspect-ratio:unset;fill:currentColor}.elementor-select-wrapper .select-caret-down-wrapper i{font-size:19px;line-height:2}.elementor-select-wrapper.remove-before:before{content:\"\"!important}<\/style>\t\t<form class=\"elementor-form\" method=\"post\" name=\"Fale Conosco\">\n\t\t\t<input type=\"hidden\" name=\"post_id\" value=\"7972\"\/>\n\t\t\t<input type=\"hidden\" name=\"form_id\" value=\"71480ea\"\/>\n\t\t\t<input type=\"hidden\" name=\"referer_title\" value=\"\" \/>\n\n\t\t\t\n\t\t\t<div class=\"elementor-form-fields-wrapper elementor-labels-above\">\n\t\t\t\t\t\t\t\t<div class=\"elementor-field-type-text elementor-field-group elementor-column elementor-field-group-name elementor-col-100\">\n\t\t\t\t\t\t\t\t\t\t\t\t<label for=\"form-field-name\" class=\"elementor-field-label\">\n\t\t\t\t\t\t\t\tNome\t\t\t\t\t\t\t<\/label>\n\t\t\t\t\t\t\t\t\t\t\t\t\t\t<input size=\"1\" type=\"text\" name=\"form_fields[name]\" id=\"form-field-name\" class=\"elementor-field elementor-size-sm  elementor-field-textual\" placeholder=\"Nome\">\n\t\t\t\t\t\t\t\t\t\t\t<\/div>\n\t\t\t\t\t\t\t\t<div class=\"elementor-field-type-email elementor-field-group elementor-column elementor-field-group-email elementor-col-100 elementor-field-required\">\n\t\t\t\t\t\t\t\t\t\t\t\t<label for=\"form-field-email\" class=\"elementor-field-label\">\n\t\t\t\t\t\t\t\tE-mail\t\t\t\t\t\t\t<\/label>\n\t\t\t\t\t\t\t\t\t\t\t\t\t\t<input size=\"1\" type=\"email\" name=\"form_fields[email]\" id=\"form-field-email\" class=\"elementor-field elementor-size-sm  elementor-field-textual\" placeholder=\"E-mail\" required=\"required\" aria-required=\"true\">\n\t\t\t\t\t\t\t\t\t\t\t<\/div>\n\t\t\t\t\t\t\t\t<div class=\"elementor-field-type-textarea elementor-field-group elementor-column elementor-field-group-message elementor-col-100\">\n\t\t\t\t\t\t\t\t\t\t\t\t<label for=\"form-field-message\" class=\"elementor-field-label\">\n\t\t\t\t\t\t\t\tMensagem\t\t\t\t\t\t\t<\/label>\n\t\t\t\t\t\t<textarea class=\"elementor-field-textual elementor-field  elementor-size-sm\" name=\"form_fields[message]\" id=\"form-field-message\" rows=\"4\" placeholder=\"Mensagem\"><\/textarea>\t\t\t\t<\/div>\n\t\t\t\t\t\t\t\t<div class=\"elementor-field-group elementor-column elementor-field-type-submit elementor-col-100 e-form__buttons\">\n\t\t\t\t\t<button type=\"submit\" class=\"elementor-button elementor-size-sm\">\n\t\t\t\t\t\t<span >\n\t\t\t\t\t\t\t\t\t\t\t\t\t\t\t<span class=\" elementor-button-icon\">\n\t\t\t\t\t\t\t\t\t\t\t\t\t\t\t\t\t\t\t\t\t\t\t\t\t\t<\/span>\n\t\t\t\t\t\t\t\t\t\t\t\t\t\t\t\t\t\t\t\t\t\t<span class=\"elementor-button-text\">Enviar<\/span>\n\t\t\t\t\t\t\t\t\t\t\t\t\t<\/span>\n\t\t\t\t\t<\/button>\n\t\t\t\t<\/div>\n\t\t\t<\/div>\n\t\t<\/form>\n\t\t\t\t<\/div>\n\t\t\t\t<\/div>\n\t\t\t\t<section class=\"elementor-section elementor-inner-section elementor-element elementor-element-081b5a6 elementor-section-content-middle foco elementor-hidden-desktop elementor-hidden-tablet elementor-hidden-mobile elementor-section-boxed elementor-section-height-default elementor-section-height-default\" data-id=\"081b5a6\" data-element_type=\"section\" data-settings=\"{&quot;background_background&quot;:&quot;classic&quot;}\">\n\t\t\t\t\t\t<div class=\"elementor-container elementor-column-gap-default\">\n\t\t\t\t\t<div class=\"elementor-column elementor-col-50 elementor-inner-column elementor-element elementor-element-2b0cfa7\" data-id=\"2b0cfa7\" data-element_type=\"column\">\n\t\t\t<div class=\"elementor-widget-wrap elementor-element-populated\">\n\t\t\t\t\t\t\t\t<div class=\"elementor-element elementor-element-64e04a8 elementor-widget__width-auto elementor-view-default elementor-widget elementor-widget-icon\" data-id=\"64e04a8\" data-element_type=\"widget\" data-widget_type=\"icon.default\">\n\t\t\t\t<div class=\"elementor-widget-container\">\n\t\t\t\t\t<div class=\"elementor-icon-wrapper\">\n\t\t\t<a class=\"elementor-icon elementor-animation-grow\" href=\"https:\/\/sparkle.hotmart.com\/u\/gugacast\/subscriptions\/2864\" target=\"_blank\" rel=\"noopener\">\n\t\t\t<svg xmlns=\"http:\/\/www.w3.org\/2000\/svg\" xmlns:xlink=\"http:\/\/www.w3.org\/1999\/xlink\" id=\"Layer_1\" x=\"0px\" y=\"0px\" viewBox=\"0 0 1420.8 1690.2\" style=\"enable-background:new 0 0 1420.8 1690.2;\" xml:space=\"preserve\">\n<style type=\"text\/css\">\n\t.st0{fill:#FFFFFF;}\n\t.st1{fill:#FF8214;}\n<\/style>\n<g id=\"Layer_2_1_\">\n\t<g id=\"Layer_1-2\">\n\t\t<path class=\"st0\" d=\"M397.9,1399.6L397.9,1399.6c-14.8-9.5-31.6-14.3-50.5-14.3c-16.4,0-30.9,3.6-43.5,10.8    c-12.4,7-22.4,17.7-28.7,30.5v-35.9H230v299.5h45.3v-118.4c6.2,12.8,16.2,23.4,28.7,30.3c12.6,7,27,10.5,43.5,10.5    c19.1,0,36.1-4.6,50.9-13.9c14.8-9.3,26.2-22.4,34.3-39.5c8.1-17,12.1-36.8,12.1-59.2c0-22.7-4.1-42.7-12.3-60.1    S412.7,1409.2,397.9,1399.6z M382.5,1556.7L382.5,1556.7c-10.8,13.3-26,20-45.7,20c-19.7,0-34.9-6.7-45.5-20.2    c-10.6-13.5-15.9-32.6-15.9-57.4s5.3-43.9,15.9-57.4c10.6-13.5,25.8-20.2,45.5-20.2c19.4,0,34.6,6.9,45.5,20.6    c10.9,13.8,16.4,33,16.4,57.8C398.6,1524.5,393.2,1543.4,382.5,1556.7z\"><\/path>\n\t\t<polygon class=\"st0\" points=\"1124.9,1609.4 1124.9,1609.4 1170.2,1609.4 1170.2,1293.3 1124.9,1293.3   \"><\/polygon>\n\t\t<polygon class=\"st0\" points=\"1090.4,1391.1 1034.3,1391.1 938.3,1489.3 938.3,1293.3 893.1,1293.3 893.1,1609.4 938.3,1609.4     938.3,1506.3 1041.9,1609.4 1099.3,1609.4 986.8,1496   \"><\/polygon>\n\t\t<path class=\"st0\" d=\"M1395.5,1413.9c-16.9-19.1-40.1-28.7-69.7-28.7c-20.3,0-38.5,4.8-54.5,14.3s-28.4,23-37.2,40.4    c-8.8,17.3-13.2,37.2-13.2,59.6c0,35.3,10.1,62.9,30.3,82.9c20.2,20,47.8,30,82.7,30c15.6,0,31-2.6,45.7-7.6    c14.9-5.1,27.5-12,37.7-20.6l-13.9-31.8c-20.3,16.4-43,24.7-68.2,24.7c-42.7,0-65.7-23.2-69-69.5h154.7v-14.3    C1420.8,1459.5,1412.3,1433.1,1395.5,1413.9z M1266.5,1481.6c2.1-20.3,8.3-35.9,18.6-46.8s24.1-16.4,41.5-16.4    c17.1,0,30.3,5.5,39.7,16.4s14.6,26.5,15.5,46.8H1266.5z\"><\/path>\n\t\t<path class=\"st0\" d=\"M118.4,1487l-37.2-8.5c-10.8-2.4-18.6-5.9-23.5-10.5c-4.9-4.6-7.4-10.7-7.4-18.2c0-9.2,4-16.6,11.9-22    c7.9-5.4,18.7-8.1,32.5-8.1c23,0,45.3,8.5,66.8,25.6l13.9-31.8c-10.6-9.2-23-16.3-36.3-20.8c-14.3-5-29.3-7.5-44.4-7.4    c-26,0-47,6.1-63,18.4c-16,12.3-24,28.3-24,48c0,15.6,4.9,28.4,14.8,38.6c9.9,10.2,24.5,17.5,43.9,22l36.3,8.1    c12.9,3,21.9,6.7,27.1,11.2c5.2,4.5,7.8,10.6,7.8,18.4c0,9-3.9,15.9-11.7,20.9c-7.8,4.9-19,7.4-33.6,7.3c-29.9,0-56.1-8.7-78.5-26    L0,1584.8l0,0c22.7,18.5,53,27.8,91,27.8c27.2,0,48.8-5.8,64.8-17.3c16-11.5,24-27.1,24-46.8c0-16.1-4.9-29.2-14.8-39.2    C155.1,1499.2,139.6,1491.8,118.4,1487z\"><\/path>\n\t\t<path class=\"st0\" d=\"M651.7,1407.2c-14.2-14.6-35.9-22-65.2-22c-16.2,0.1-32.3,2.6-47.8,7.4c-16.6,4.9-30.7,11.4-42.4,19.5    l13.4,31.9c24.8-15.2,49.6-22.9,74.4-22.9c15.8,0,27.3,3.7,34.3,11.2c7,7.5,10.5,19.6,10.5,36.3v13h-10.3    c-33.2,0-59.3,1.9-78.2,5.8s-32.6,10.4-40.8,19.5c-8.2,9.1-12.3,21.6-12.3,37.4c-0.1,12.4,3.4,24.6,10.1,35    c6.9,10.6,16.6,19.1,28,24.4c12.3,5.9,25.8,8.9,39.5,8.7c14.9,0,28-3.4,39.2-10.1c11.2-6.7,19.7-16.5,25.3-29.4v36.3H673V1474    C673,1444.1,665.9,1421.8,651.7,1407.2L651.7,1407.2z M629.1,1518.8c0,17.6-5.2,32.1-15.7,43.3l0,0    c-10.5,11.2-23.9,16.8-40.4,16.8c-12,0-21.7-3.5-29.4-10.5c-7.5-6.7-11.6-16.2-11.4-26.2c0-9.2,2.7-16.3,8.1-21.3    c5.4-4.9,14.4-8.5,26.9-10.5c12.6-2.1,30.5-3.1,53.8-3.1h8.1L629.1,1518.8z\"><\/path>\n\t\t<path class=\"st0\" d=\"M850.1,1386.1c-35.9,2.7-59.6,16.9-71.3,42.6v-38.1h-43.9v218.8h45.3v-121.5c0-17,4.7-31.1,14.1-42.1    s24.9-17.6,46.4-19.8l27.3-2.7l0,0l-3.1-38.1L850.1,1386.1z\"><\/path>\n\t\t<path class=\"st1\" d=\"M1307.3,701c-277.3,119.1-414.8,256.7-534,534c-23.6,55-102.3,55-125.8,0c-119.1-277.3-256.7-414.9-534-534    c-55-23.6-55-102.2,0-125.8C390.7,456,528.4,318.5,647.5,41.2c23.6-55,102.3-55,125.8,0c119.1,277.3,256.7,414.8,534,533.9    C1362.3,598.8,1362.3,677.4,1307.3,701L1307.3,701z\"><\/path>\n\t<\/g>\n<\/g>\n<\/svg>\t\t\t<\/a>\n\t\t<\/div>\n\t\t\t\t<\/div>\n\t\t\t\t<\/div>\n\t\t\t\t\t<\/div>\n\t\t<\/div>\n\t\t\t\t<div class=\"elementor-column elementor-col-50 elementor-inner-column elementor-element elementor-element-c07f371\" data-id=\"c07f371\" data-element_type=\"column\">\n\t\t\t<div class=\"elementor-widget-wrap elementor-element-populated\">\n\t\t\t\t\t\t\t\t<div class=\"elementor-element elementor-element-430ea9c elementor-widget elementor-widget-heading\" data-id=\"430ea9c\" data-element_type=\"widget\" data-widget_type=\"heading.default\">\n\t\t\t\t<div class=\"elementor-widget-container\">\n\t\t\t<style>\/*! elementor - v3.15.0 - 31-07-2023 *\/\n.elementor-heading-title{padding:0;margin:0;line-height:1}.elementor-widget-heading .elementor-heading-title[class*=elementor-size-]>a{color:inherit;font-size:inherit;line-height:inherit}.elementor-widget-heading .elementor-heading-title.elementor-size-small{font-size:15px}.elementor-widget-heading .elementor-heading-title.elementor-size-medium{font-size:19px}.elementor-widget-heading .elementor-heading-title.elementor-size-large{font-size:29px}.elementor-widget-heading .elementor-heading-title.elementor-size-xl{font-size:39px}.elementor-widget-heading .elementor-heading-title.elementor-size-xxl{font-size:59px}<\/style><h4 class=\"elementor-heading-title elementor-size-default\"><a href=\"https:\/\/sparkle.hotmart.com\/u\/gugacast\/subscriptions\/2864\" target=\"_blank\" rel=\"noopener\">ESTAMOS NO SPARKLE!<\/a><\/h4>\t\t<\/div>\n\t\t\t\t<\/div>\n\t\t\t\t<div class=\"elementor-element elementor-element-c780729 elementor-widget elementor-widget-text-editor\" data-id=\"c780729\" data-element_type=\"widget\" data-widget_type=\"text-editor.default\">\n\t\t\t\t<div class=\"elementor-widget-container\">\n\t\t\t\t\t\t\t<p>O Grupo Secreto est\u00e1 oficialmente no <b>Sparkle<\/b>!<br><i>Tem 30 dias GR\u00c1TIS para voc\u00ea experimentar e ouvir tudo que voc\u00ea puder!<\/i><\/p>\t\t\t\t\t\t<\/div>\n\t\t\t\t<\/div>\n\t\t\t\t<div data-dce-background-color=\"#FF8F1F00\" class=\"elementor-element elementor-element-af688ea elementor-align-left elementor-mobile-align-center elementor-widget elementor-widget-button\" data-id=\"af688ea\" data-element_type=\"widget\" data-widget_type=\"button.default\">\n\t\t\t\t<div class=\"elementor-widget-container\">\n\t\t\t\t\t<div class=\"elementor-button-wrapper\">\n\t\t\t<a class=\"elementor-button elementor-button-link elementor-size-xs elementor-animation-grow\" href=\"https:\/\/sparkle.hotmart.com\/u\/gugacast\/subscriptions\/2864\" target=\"_blank\" rel=\"noopener\">\n\t\t\t\t\t\t<span class=\"elementor-button-content-wrapper\">\n\t\t\t\t\t\t<span class=\"elementor-button-icon elementor-align-icon-right\">\n\t\t\t\t<i aria-hidden=\"true\" class=\"fas fa-check\"><\/i>\t\t\t<\/span>\n\t\t\t\t\t\t<span class=\"elementor-button-text\">Clique aqui para Assinar<\/span>\n\t\t<\/span>\n\t\t\t\t\t<\/a>\n\t\t<\/div>\n\t\t\t\t<\/div>\n\t\t\t\t<\/div>\n\t\t\t\t\t<\/div>\n\t\t<\/div>\n\t\t\t\t\t\t\t<\/div>\n\t\t<\/section>\n\t\t\t\t<section class=\"elementor-section elementor-inner-section elementor-element elementor-element-f3284fb elementor-section-boxed elementor-section-height-default elementor-section-height-default\" data-id=\"f3284fb\" data-element_type=\"section\">\n\t\t\t\t\t\t<div class=\"elementor-container elementor-column-gap-default\">\n\t\t\t\t\t<div class=\"elementor-column elementor-col-50 elementor-inner-column elementor-element elementor-element-c545c0b\" data-id=\"c545c0b\" data-element_type=\"column\">\n\t\t\t<div class=\"elementor-widget-wrap\">\n\t\t\t\t\t\t\t\t\t<\/div>\n\t\t<\/div>\n\t\t\t\t<div class=\"elementor-column elementor-col-50 elementor-inner-column elementor-element elementor-element-10359fb\" data-id=\"10359fb\" data-element_type=\"column\">\n\t\t\t<div class=\"elementor-widget-wrap\">\n\t\t\t\t\t\t\t\t\t<\/div>\n\t\t<\/div>\n\t\t\t\t\t\t\t<\/div>\n\t\t<\/section>\n\t\t\t\t\t<\/div>\n\t\t<\/div>\n\t\t\t\t\t\t\t<\/div>\n\t\t<\/section>\n\t\t\t\t\t\t\t<\/div>\n\t\t","protected":false},"excerpt":{"rendered":"<p>Fale Conosco Se voc\u00ea est\u00e1 querendo enviar uma HIST\u00d3RIA, Clique Aqui. ESTAMOS NO SPARKLE! O Grupo Secreto est\u00e1 oficialmente no Sparkle!Tem 30 dias GR\u00c1TIS para voc\u00ea experimentar e ouvir tudo que voc\u00ea puder! Clique aqui para Assinar<\/p>\n","protected":false},"author":10,"featured_media":0,"parent":0,"menu_order":0,"comment_status":"closed","ping_status":"closed","template":"elementor_header_footer","meta":{"footnotes":""},"class_list":["post-7972","page","type-page","status-publish","hentry"],"_links":{"self":[{"href":"https:\/\/wip2.marks.art.br\/mariana\/wp-json\/wp\/v2\/pages\/7972","targetHints":{"allow":["GET"]}}],"collection":[{"href":"https:\/\/wip2.marks.art.br\/mariana\/wp-json\/wp\/v2\/pages"}],"about":[{"href":"https:\/\/wip2.marks.art.br\/mariana\/wp-json\/wp\/v2\/types\/page"}],"author":[{"embeddable":true,"href":"https:\/\/wip2.marks.art.br\/mariana\/wp-json\/wp\/v2\/users\/10"}],"replies":[{"embeddable":true,"href":"https:\/\/wip2.marks.art.br\/mariana\/wp-json\/wp\/v2\/comments?post=7972"}],"version-history":[{"count":4,"href":"https:\/\/wip2.marks.art.br\/mariana\/wp-json\/wp\/v2\/pages\/7972\/revisions"}],"predecessor-version":[{"id":9809,"href":"https:\/\/wip2.marks.art.br\/mariana\/wp-json\/wp\/v2\/pages\/7972\/revisions\/9809"}],"wp:attachment":[{"href":"https:\/\/wip2.marks.art.br\/mariana\/wp-json\/wp\/v2\/media?parent=7972"}],"curies":[{"name":"wp","href":"https:\/\/api.w.org\/{rel}","templated":true}]}}